{"id":166,"date":"2021-06-26T16:23:48","date_gmt":"2021-06-26T16:23:48","guid":{"rendered":"https:\/\/nordicgoods.eu\/?post_type=product&#038;p=166"},"modified":"2026-01-14T18:54:08","modified_gmt":"2026-01-14T18:54:08","slug":"rabaliko-bio-peatwater-scincare-toner-100ml","status":"publish","type":"product","link":"https:\/\/www.nordicgoods.eu\/et\/shop\/rabaliko-bio-peatwater-scincare-toner-100ml\/","title":{"rendered":"Rabalik\u00f5 Rabavee nahatoonik 100ml"},"content":{"rendered":"<p>Rabalik\u00f5 Rabavee nahatoonik normaalsele nahale 100 ml pudelis.<br \/>\nRabalik\u00f5 Bio PeatWater\u00a0 toner cleanses and refreshes the skin. pH &lt; 5,5<br \/>\nKasutage seda 2-3 korda p\u00e4evas, pihustades toodet vatipadjale. Parima efekti saate, kui<br \/>\nkasutate p\u00e4rast meigieemaldajat ja enne p\u00e4eva- v\u00f5i \u00f6\u00f6kreemi. P\u00e4rast tooniku pealekandmist ja enne n\u00e4okreemi kasutamist<br \/>\nlaske enda nahal 30 minutit puhata.<br \/>\nToode on vaba parabeenidest, silikoonidest, mineraal\u00f5lidest, PEG -dest, s\u00fcnteetilistest l\u00f5hna- ja<br \/>\nv\u00e4rvained. Alkoholi pole lisatud. Toode on m\u00f5eldud ainult v\u00e4lispidiseks kasutamiseks.<br \/>\nKoostis: 99,5% Bioloogiline Rabavesi (k\u00f5ik looduslikud koostisosad: Humiin- ja fulvohapped, steroolid,<br \/>\nrasvhapped ja mineraalid), naatriumbensoaat.<br \/>\nToode on mikrobioloogiliselt ja dermatoloogiliselt testitud.<\/p>\n<p>Toode v\u00f5ib p\u00f5hjustada kerget naha\u00e4rritust tundlikul nahal. Kasutage tundlikule nahale m\u00f5eldud toonikut sellisel juhul.<\/p>","protected":false},"excerpt":{"rendered":"<p>Rabalik\u00f5 Rabavee nahatoonik normaalsele nahale 100 ml pudelis.<br \/>\nRabalik\u00f5 Rabavee nahatoonik puhastab, niisutab ja v\u00e4rskendab teie nahka. Tootel on antibakteriaalne toime. pH tase &lt;5,5.<br \/>\nKoostis: Filtreeritud looduslik rabavesi, Na-bensoaat.<\/p>","protected":false},"featured_media":836,"template":"","meta":{"_acf_changed":false,"site-sidebar-layout":"default","site-content-layout":"default","ast-site-content-layout":"default","site-content-style":"default","site-sidebar-style":"default","ast-global-header-display":"","ast-banner-title-visibility":"","ast-main-header-display":"","ast-hfb-above-header-display":"","ast-hfb-below-header-display":"","ast-hfb-mobile-header-display":"","site-post-title":"","ast-breadcrumbs-content":"","ast-featured-img":"","footer-sml-layout":"","ast-disable-related-posts":"","theme-transparent-header-meta":"default","adv-header-id-meta":"","stick-header-meta":"","header-above-stick-meta":"","header-main-stick-meta":"","header-below-stick-meta":"","astra-migrate-meta-layouts":"set","ast-page-background-enabled":"default","ast-page-background-meta":{"desktop":{"background-color":"","background-image":"","background-repeat":"repeat","background-position":"center center","background-size":"auto","background-attachment":"scroll","background-type":"","background-media":"","overlay-type":"","overlay-color":"","overlay-opacity":"","overlay-gradient":""},"tablet":{"background-color":"","background-image":"","background-repeat":"repeat","background-position":"center center","background-size":"auto","background-attachment":"scroll","background-type":"","background-media":"","overlay-type":"","overlay-color":"","overlay-opacity":"","overlay-gradient":""},"mobile":{"background-color":"","background-image":"","background-repeat":"repeat","background-position":"center center","background-size":"auto","background-attachment":"scroll","background-type":"","background-media":"","overlay-type":"","overlay-color":"","overlay-opacity":"","overlay-gradient":""}},"ast-content-background-meta":{"desktop":{"background-color":"var(--ast-global-color-5)","background-image":"","background-repeat":"repeat","background-position":"center center","background-size":"auto","background-attachment":"scroll","background-type":"","background-media":"","overlay-type":"","overlay-color":"","overlay-opacity":"","overlay-gradient":""},"tablet":{"background-color":"var(--ast-global-color-5)","background-image":"","background-repeat":"repeat","background-position":"center center","background-size":"auto","background-attachment":"scroll","background-type":"","background-media":"","overlay-type":"","overlay-color":"","overlay-opacity":"","overlay-gradient":""},"mobile":{"background-color":"var(--ast-global-color-5)","background-image":"","background-repeat":"repeat","background-position":"center center","background-size":"auto","background-attachment":"scroll","background-type":"","background-media":"","overlay-type":"","overlay-color":"","overlay-opacity":"","overlay-gradient":""}}},"product_brand":[],"product_cat":[17],"product_tag":[20,19,18,37,38],"class_list":{"0":"post-166","1":"product","2":"type-product","3":"status-publish","4":"has-post-thumbnail","6":"product_cat-normal-skintype","7":"product_tag-anti-aging","8":"product_tag-facial-tonic","9":"product_tag-natural-skincare","10":"product_tag-nordic-skincare","11":"product_tag-peat-water","12":"desktop-align-left","13":"tablet-align-left","14":"mobile-align-left","16":"first","17":"outofstock","18":"taxable","19":"shipping-taxable","20":"product-type-simple"},"acf":[],"_links":{"self":[{"href":"https:\/\/www.nordicgoods.eu\/et\/wp-json\/wp\/v2\/product\/166","targetHints":{"allow":["GET"]}}],"collection":[{"href":"https:\/\/www.nordicgoods.eu\/et\/wp-json\/wp\/v2\/product"}],"about":[{"href":"https:\/\/www.nordicgoods.eu\/et\/wp-json\/wp\/v2\/types\/product"}],"wp:featuredmedia":[{"embeddable":true,"href":"https:\/\/www.nordicgoods.eu\/et\/wp-json\/wp\/v2\/media\/836"}],"wp:attachment":[{"href":"https:\/\/www.nordicgoods.eu\/et\/wp-json\/wp\/v2\/media?parent=166"}],"wp:term":[{"taxonomy":"product_brand","embeddable":true,"href":"https:\/\/www.nordicgoods.eu\/et\/wp-json\/wp\/v2\/product_brand?post=166"},{"taxonomy":"product_cat","embeddable":true,"href":"https:\/\/www.nordicgoods.eu\/et\/wp-json\/wp\/v2\/product_cat?post=166"},{"taxonomy":"product_tag","embeddable":true,"href":"https:\/\/www.nordicgoods.eu\/et\/wp-json\/wp\/v2\/product_tag?post=166"}],"curies":[{"name":"wp","href":"https:\/\/api.w.org\/{rel}","templated":true}]}}