{"id":99,"date":"2021-06-26T12:40:42","date_gmt":"2021-06-26T12:40:42","guid":{"rendered":"https:\/\/nordicgoods.eu\/?page_id=99"},"modified":"2021-08-19T23:27:11","modified_gmt":"2021-08-19T23:27:11","slug":"about-us","status":"publish","type":"page","link":"https:\/\/www.nordicgoods.eu\/et\/about-us\/","title":{"rendered":"Meist"},"content":{"rendered":"<div class=\"wp-block-columns is-layout-flex wp-container-core-columns-is-layout-28f84493 wp-block-columns-is-layout-flex\">\n<div class=\"wp-block-column is-layout-flow wp-block-column-is-layout-flow\">\n<figure class=\"wp-block-image size-large\"><img loading=\"lazy\" decoding=\"async\" width=\"1024\" height=\"681\" src=\"https:\/\/nordicgoods.eu\/wp-content\/uploads\/2021\/06\/3945626798_0e088db09c_o.jpg\" alt=\"\" class=\"wp-image-159\" srcset=\"https:\/\/www.nordicgoods.eu\/wp-content\/uploads\/2021\/06\/3945626798_0e088db09c_o.jpg 1024w, https:\/\/www.nordicgoods.eu\/wp-content\/uploads\/2021\/06\/3945626798_0e088db09c_o-600x399.jpg 600w, https:\/\/www.nordicgoods.eu\/wp-content\/uploads\/2021\/06\/3945626798_0e088db09c_o-300x200.jpg 300w, https:\/\/www.nordicgoods.eu\/wp-content\/uploads\/2021\/06\/3945626798_0e088db09c_o-768x511.jpg 768w\" sizes=\"auto, (max-width: 1024px) 100vw, 1024px\" \/><\/figure>\n<\/div>\n\n\n\n<div class=\"wp-block-column is-layout-flow wp-block-column-is-layout-flow\">\n<h2 class=\"wp-block-heading\">Nordic Goods lugu<\/h2>\n\n\n\n<p>Nordic Goods loodi aastal 2019 entusiastide poolt, kes k\u00f5ik usuvad looduse j\u00f5usse, anda meile k\u00f5ik eluks vajalik. Aastaks 2019 olid teadlased teinud rea uuringuid Eesti turba ja rabavee kasulike omaduste kohta nahale ning avastanud, et Eesti turvas ja rabavesi on maailmas ainulaadsed.<\/p>\n\n\n\n<p>Ettev\u00f5tte asutajad otsustasid valmistada nahahooldus- ja h\u00fcgieenitooted, mis p\u00f5hinevad rabaveel, mis sisaldab v\u00f5imalikult v\u00e4he laboratoorseid(s\u00fcnteetilisi) koostisosi. Selle tulemusena on meil tooted, mis sisaldavad ainult kahte koostisosa. K\u00f5ik muu kasulik p\u00e4rineb looduslikust rabaveest. Br\u00e4ndi nimeks sai \u201crabalik\u00f5\u201d, mis t\u00e4hendab L\u00f5una - Eesti murdes rabavett.<br><\/p>\n\n\n\n<p>\u201cRabalik\u00f5\u201d Toodete eelisteks on nende puhtus, j\u00e4tkusuutlik tootmisprotsess ja asjaolu, et tootmiseks kasutatav tooraine on taastuv loodusvara.<\/p>\n<\/div>\n<\/div>","protected":false},"excerpt":{"rendered":"<p>The Nordic Goods story Nordic Goods has been established in 2019 by a group of enthusiasts who all believe in the power of nature to give us everything necessary for life. By 2019, researchers had conducted a series of studies on the beneficial properties of Estonian peat and peat water to skin, and discovered that [&hellip;]<\/p>","protected":false},"author":1,"featured_media":0,"parent":0,"menu_order":0,"comment_status":"closed","ping_status":"closed","template":"","meta":{"_acf_changed":false,"site-sidebar-layout":"default","site-content-layout":"default","ast-site-content-layout":"default","site-content-style":"default","site-sidebar-style":"default","ast-global-header-display":"","ast-banner-title-visibility":"","ast-main-header-display":"","ast-hfb-above-header-display":"","ast-hfb-below-header-display":"","ast-hfb-mobile-header-display":"","site-post-title":"","ast-breadcrumbs-content":"","ast-featured-img":"","footer-sml-layout":"","ast-disable-related-posts":"","theme-transparent-header-meta":"default","adv-header-id-meta":"","stick-header-meta":"","header-above-stick-meta":"","header-main-stick-meta":"","header-below-stick-meta":"","astra-migrate-meta-layouts":"default","ast-page-background-enabled":"default","ast-page-background-meta":{"desktop":{"background-color":"","background-image":"","background-repeat":"repeat","background-position":"center center","background-size":"auto","background-attachment":"scroll","background-type":"","background-media":"","overlay-type":"","overlay-color":"","overlay-opacity":"","overlay-gradient":""},"tablet":{"background-color":"","background-image":"","background-repeat":"repeat","background-position":"center center","background-size":"auto","background-attachment":"scroll","background-type":"","background-media":"","overlay-type":"","overlay-color":"","overlay-opacity":"","overlay-gradient":""},"mobile":{"background-color":"","background-image":"","background-repeat":"repeat","background-position":"center center","background-size":"auto","background-attachment":"scroll","background-type":"","background-media":"","overlay-type":"","overlay-color":"","overlay-opacity":"","overlay-gradient":""}},"ast-content-background-meta":{"desktop":{"background-color":"var(--ast-global-color-5)","background-image":"","background-repeat":"repeat","background-position":"center center","background-size":"auto","background-attachment":"scroll","background-type":"","background-media":"","overlay-type":"","overlay-color":"","overlay-opacity":"","overlay-gradient":""},"tablet":{"background-color":"var(--ast-global-color-5)","background-image":"","background-repeat":"repeat","background-position":"center center","background-size":"auto","background-attachment":"scroll","background-type":"","background-media":"","overlay-type":"","overlay-color":"","overlay-opacity":"","overlay-gradient":""},"mobile":{"background-color":"var(--ast-global-color-5)","background-image":"","background-repeat":"repeat","background-position":"center center","background-size":"auto","background-attachment":"scroll","background-type":"","background-media":"","overlay-type":"","overlay-color":"","overlay-opacity":"","overlay-gradient":""}},"footnotes":""},"class_list":["post-99","page","type-page","status-publish","hentry"],"acf":[],"_links":{"self":[{"href":"https:\/\/www.nordicgoods.eu\/et\/wp-json\/wp\/v2\/pages\/99","targetHints":{"allow":["GET"]}}],"collection":[{"href":"https:\/\/www.nordicgoods.eu\/et\/wp-json\/wp\/v2\/pages"}],"about":[{"href":"https:\/\/www.nordicgoods.eu\/et\/wp-json\/wp\/v2\/types\/page"}],"author":[{"embeddable":true,"href":"https:\/\/www.nordicgoods.eu\/et\/wp-json\/wp\/v2\/users\/1"}],"replies":[{"embeddable":true,"href":"https:\/\/www.nordicgoods.eu\/et\/wp-json\/wp\/v2\/comments?post=99"}],"version-history":[{"count":3,"href":"https:\/\/www.nordicgoods.eu\/et\/wp-json\/wp\/v2\/pages\/99\/revisions"}],"predecessor-version":[{"id":239,"href":"https:\/\/www.nordicgoods.eu\/et\/wp-json\/wp\/v2\/pages\/99\/revisions\/239"}],"wp:attachment":[{"href":"https:\/\/www.nordicgoods.eu\/et\/wp-json\/wp\/v2\/media?parent=99"}],"curies":[{"name":"wp","href":"https:\/\/api.w.org\/{rel}","templated":true}]}}