{"id":711,"date":"2021-10-19T10:22:25","date_gmt":"2021-10-19T10:22:25","guid":{"rendered":"https:\/\/nordicgoods.eu\/?page_id=711"},"modified":"2021-10-19T10:22:28","modified_gmt":"2021-10-19T10:22:28","slug":"rabaliko-reseller","status":"publish","type":"page","link":"https:\/\/www.nordicgoods.eu\/et\/rabaliko-reseller\/","title":{"rendered":"Hakka Rabalik\u00f5 edasim\u00fc\u00fcjaks"},"content":{"rendered":"<div class=\"wp-block-columns is-layout-flex wp-container-core-columns-is-layout-28f84493 wp-block-columns-is-layout-flex\">\n<div class=\"wp-block-column is-layout-flow wp-block-column-is-layout-flow\">\n<figure class=\"wp-block-image size-large\"><img loading=\"lazy\" decoding=\"async\" width=\"1024\" height=\"683\" src=\"https:\/\/nordicgoods.eu\/wp-content\/uploads\/2021\/06\/IMG_4251-1024x683.jpg\" alt=\"Rabalik\u00f5 peat water products\" class=\"wp-image-217\" srcset=\"https:\/\/www.nordicgoods.eu\/wp-content\/uploads\/2021\/06\/IMG_4251-1024x683.jpg 1024w, https:\/\/www.nordicgoods.eu\/wp-content\/uploads\/2021\/06\/IMG_4251-600x400.jpg 600w, https:\/\/www.nordicgoods.eu\/wp-content\/uploads\/2021\/06\/IMG_4251-300x200.jpg 300w, https:\/\/www.nordicgoods.eu\/wp-content\/uploads\/2021\/06\/IMG_4251-768x512.jpg 768w, https:\/\/www.nordicgoods.eu\/wp-content\/uploads\/2021\/06\/IMG_4251-1536x1024.jpg 1536w, https:\/\/www.nordicgoods.eu\/wp-content\/uploads\/2021\/06\/IMG_4251.jpg 2048w\" sizes=\"auto, (max-width: 1024px) 100vw, 1024px\" \/><\/figure>\n<\/div>\n\n\n\n<div class=\"wp-block-column is-layout-flow wp-block-column-is-layout-flow\">\n<div class=\"wp-block-contact-form-7-contact-form-selector\">\n<div class=\"wpcf7 no-js\" id=\"wpcf7-f710-o1\" lang=\"en\" dir=\"ltr\" data-wpcf7-id=\"710\">\n<div class=\"screen-reader-response\"><p role=\"status\" aria-live=\"polite\" aria-atomic=\"true\"><\/p> <ul><\/ul><\/div>\n<form action=\"\/et\/wp-json\/wp\/v2\/pages\/711#wpcf7-f710-o1\" method=\"post\" class=\"wpcf7-form init\" aria-label=\"Contact form\" novalidate=\"novalidate\" data-status=\"init\" data-trp-original-action=\"\/et\/wp-json\/wp\/v2\/pages\/711#wpcf7-f710-o1\">\n<fieldset class=\"hidden-fields-container\"><input type=\"hidden\" name=\"_wpcf7\" value=\"710\" \/><input type=\"hidden\" name=\"_wpcf7_version\" value=\"6.1.5\" \/><input type=\"hidden\" name=\"_wpcf7_locale\" value=\"en\" \/><input type=\"hidden\" name=\"_wpcf7_unit_tag\" value=\"wpcf7-f710-o1\" \/><input type=\"hidden\" name=\"_wpcf7_container_post\" value=\"0\" \/><input type=\"hidden\" name=\"_wpcf7_posted_data_hash\" value=\"\" \/><input type=\"hidden\" name=\"_wpcf7_recaptcha_response\" value=\"\" \/>\n<\/fieldset>\n<p><label><br \/>\n\t<input class=\"wpcf7-form-control wpcf7-hidden\" value=\"Reseller application\" type=\"hidden\" name=\"text\" \/> <\/label>\n<\/p>\n<p><label> \u00c4rinimi<br \/>\n<span class=\"wpcf7-form-control-wrap\" data-name=\"business-name\"><input size=\"40\" maxlength=\"40\" class=\"wpcf7-form-control wpcf7-text wpcf7-validates-as-required\" aria-required=\"true\" aria-invalid=\"false\" value=\"\" type=\"text\" name=\"business-name\" \/><\/span> <\/label>\n<\/p>\n<p><label> Registreerimis nr.<br \/>\n<span class=\"wpcf7-form-control-wrap\" data-name=\"business-reg\"><input size=\"40\" maxlength=\"40\" class=\"wpcf7-form-control wpcf7-text wpcf7-validates-as-required c2ind\" aria-required=\"true\" aria-invalid=\"false\" value=\"\" type=\"text\" name=\"business-reg\" \/><\/span> <\/label>\n<\/p>\n<p><label> KMKR nr. (valikuline)<br \/>\n<span class=\"wpcf7-form-control-wrap\" data-name=\"business-vat\"><input size=\"40\" maxlength=\"40\" class=\"wpcf7-form-control wpcf7-text c2ind\" aria-invalid=\"false\" value=\"\" type=\"text\" name=\"business-vat\" \/><\/span> <\/label>\n<\/p>\n<p><label> Kontakti nimi<br \/>\n<span class=\"wpcf7-form-control-wrap\" data-name=\"contact-name\"><input size=\"40\" maxlength=\"40\" class=\"wpcf7-form-control wpcf7-text wpcf7-validates-as-required\" aria-required=\"true\" aria-invalid=\"false\" value=\"\" type=\"text\" name=\"contact-name\" \/><\/span> <\/label>\n<\/p>\n<p><label> Kontakt e-mail<br \/>\n<span class=\"wpcf7-form-control-wrap\" data-name=\"contact-email\"><input size=\"40\" maxlength=\"30\" class=\"wpcf7-form-control wpcf7-email wpcf7-validates-as-required wpcf7-text wpcf7-validates-as-email c2ind\" aria-required=\"true\" aria-invalid=\"false\" value=\"\" type=\"email\" name=\"contact-email\" \/><\/span> <\/label>\n<\/p>\n<p><label> Kontakti telefon (valikuline)<br \/>\n<span class=\"wpcf7-form-control-wrap\" data-name=\"tel-24\"><input size=\"40\" maxlength=\"24\" class=\"wpcf7-form-control wpcf7-tel wpcf7-text wpcf7-validates-as-tel c2ind\" aria-invalid=\"false\" value=\"\" type=\"tel\" name=\"tel-24\" \/><\/span><\/label>\n<\/p>\n<p><label> Lisainformatsioon\/teade(valikuline)<br \/>\n<span class=\"wpcf7-form-control-wrap\" data-name=\"reseller-message\"><textarea cols=\"40\" rows=\"5\" maxlength=\"2000\" class=\"wpcf7-form-control wpcf7-textarea\" aria-invalid=\"false\" name=\"reseller-message\"><\/textarea><\/span> <\/label>\n<\/p>\n<p><input class=\"wpcf7-form-control wpcf7-submit has-spinner\" type=\"submit\" value=\"Saada\" \/>\n<\/p><div class=\"wpcf7-response-output\" aria-hidden=\"true\"><\/div>\n<input type=\"hidden\" name=\"trp-form-language\" value=\"et\"\/><\/form>\n<\/div>\n<\/div>\n<\/div>\n<\/div>","protected":false},"excerpt":{"rendered":"","protected":false},"author":1,"featured_media":0,"parent":0,"menu_order":0,"comment_status":"closed","ping_status":"closed","template":"","meta":{"_acf_changed":false,"site-sidebar-layout":"default","site-content-layout":"default","ast-site-content-layout":"default","site-content-style":"default","site-sidebar-style":"default","ast-global-header-display":"","ast-banner-title-visibility":"","ast-main-header-display":"","ast-hfb-above-header-display":"","ast-hfb-below-header-display":"","ast-hfb-mobile-header-display":"","site-post-title":"","ast-breadcrumbs-content":"","ast-featured-img":"","footer-sml-layout":"","ast-disable-related-posts":"","theme-transparent-header-meta":"default","adv-header-id-meta":"","stick-header-meta":"","header-above-stick-meta":"","header-main-stick-meta":"","header-below-stick-meta":"","astra-migrate-meta-layouts":"default","ast-page-background-enabled":"default","ast-page-background-meta":{"desktop":{"background-color":"","background-image":"","background-repeat":"repeat","background-position":"center center","background-size":"auto","background-attachment":"scroll","background-type":"","background-media":"","overlay-type":"","overlay-color":"","overlay-opacity":"","overlay-gradient":""},"tablet":{"background-color":"","background-image":"","background-repeat":"repeat","background-position":"center center","background-size":"auto","background-attachment":"scroll","background-type":"","background-media":"","overlay-type":"","overlay-color":"","overlay-opacity":"","overlay-gradient":""},"mobile":{"background-color":"","background-image":"","background-repeat":"repeat","background-position":"center center","background-size":"auto","background-attachment":"scroll","background-type":"","background-media":"","overlay-type":"","overlay-color":"","overlay-opacity":"","overlay-gradient":""}},"ast-content-background-meta":{"desktop":{"background-color":"var(--ast-global-color-5)","background-image":"","background-repeat":"repeat","background-position":"center center","background-size":"auto","background-attachment":"scroll","background-type":"","background-media":"","overlay-type":"","overlay-color":"","overlay-opacity":"","overlay-gradient":""},"tablet":{"background-color":"var(--ast-global-color-5)","background-image":"","background-repeat":"repeat","background-position":"center center","background-size":"auto","background-attachment":"scroll","background-type":"","background-media":"","overlay-type":"","overlay-color":"","overlay-opacity":"","overlay-gradient":""},"mobile":{"background-color":"var(--ast-global-color-5)","background-image":"","background-repeat":"repeat","background-position":"center center","background-size":"auto","background-attachment":"scroll","background-type":"","background-media":"","overlay-type":"","overlay-color":"","overlay-opacity":"","overlay-gradient":""}},"footnotes":""},"class_list":["post-711","page","type-page","status-publish","hentry"],"acf":[],"_links":{"self":[{"href":"https:\/\/www.nordicgoods.eu\/et\/wp-json\/wp\/v2\/pages\/711","targetHints":{"allow":["GET"]}}],"collection":[{"href":"https:\/\/www.nordicgoods.eu\/et\/wp-json\/wp\/v2\/pages"}],"about":[{"href":"https:\/\/www.nordicgoods.eu\/et\/wp-json\/wp\/v2\/types\/page"}],"author":[{"embeddable":true,"href":"https:\/\/www.nordicgoods.eu\/et\/wp-json\/wp\/v2\/users\/1"}],"replies":[{"embeddable":true,"href":"https:\/\/www.nordicgoods.eu\/et\/wp-json\/wp\/v2\/comments?post=711"}],"version-history":[{"count":3,"href":"https:\/\/www.nordicgoods.eu\/et\/wp-json\/wp\/v2\/pages\/711\/revisions"}],"predecessor-version":[{"id":715,"href":"https:\/\/www.nordicgoods.eu\/et\/wp-json\/wp\/v2\/pages\/711\/revisions\/715"}],"wp:attachment":[{"href":"https:\/\/www.nordicgoods.eu\/et\/wp-json\/wp\/v2\/media?parent=711"}],"curies":[{"name":"wp","href":"https:\/\/api.w.org\/{rel}","templated":true}]}}