{"id":302,"date":"2021-07-23T13:01:05","date_gmt":"2021-07-23T13:01:05","guid":{"rendered":"https:\/\/nordicgoods.eu\/?page_id=302"},"modified":"2021-10-23T08:33:26","modified_gmt":"2021-10-23T08:33:26","slug":"terms-and-conditions","status":"publish","type":"page","link":"https:\/\/www.nordicgoods.eu\/et\/terms-and-conditions\/","title":{"rendered":"M\u00fc\u00fcgitingimused"},"content":{"rendered":"<p>Veebipoe NORDICGOODS.EU (edaspidi Veebipood) omanik on O\u00dc NORDIC GOODS (registrikood 14703159), Asukohaga Saare maakond, Muhu vald, Liiva k\u00fcla, T\u00f5nise, 94701. <\/p>\n\n\n\n<h2 class=\"wp-block-heading\"><strong>M\u00fc\u00fcgilepingu kehtivus, kauba- ja hinnainfo<\/strong><\/h2>\n\n\n\n<p>M\u00fc\u00fcgitingimused kehtivad Veebipoest kaupade ostmisel.<\/p>\n\n\n\n<p>Veebipoes m\u00fc\u00fcdavate toodete hinnad on m\u00e4rgitud toodete juurde. Hinnale lisandub tasu kauba k\u00e4ttetoimetamise eest. K\u00f5ikide toodete hinnad on e - poes v\u00e4lja toodud eurodes.<\/p>\n\n\n\n<p>Kauba k\u00e4ttetoimetamise tasu s\u00f5ltub ostja asukohast ning k\u00e4ttetoimetamise viisist. K\u00e4ttetoimetamise tasu kuvatakse ostjale tellimuse vormistamisel.<\/p>\n\n\n\n<p>Teave kauba kohta on esitatud Veebipoes vahetult kauba juures.<\/p>\n\n\n\n<h2 class=\"wp-block-heading\"><strong>Tellimuse vormistamine<\/strong><\/h2>\n\n\n\n<p>Kauba tellimiseks tuleb lisada soovitud tooted ostukorvi. Tellimuse vormistamiseks tuleb t\u00e4ita n\u00f5utud andmev\u00e4ljad ning valida sobiv toodete kohaletoimetamise viis. Seej\u00e4rel kuvatakse ekraanile tasu suurus, mille saab tasuda pangalingi kaudu v\u00f5i muu makselahenduse abil.<\/p>\n\n\n\n<p>Leping j\u00f5ustub alates tasumisele kuuluva summa laekumisest Veebipoe arvelduskontole.<\/p>\n\n\n\n<p>Kui tellitud kaupa ei ole v\u00f5imalik tarnida seoses kauba l\u00f5ppemisega v\u00f5i muul p\u00f5hjusel, teavitatakse sellest ostjat esimesel v\u00f5imalusel ning tagastatakse tasutud raha (sh kauba k\u00e4ttetoimetamise kulud) viivitamata, kuid mitte hiljem kui 14 p\u00e4eva jooksul teate saatmisest.<\/p>\n\n\n\n<h2 class=\"wp-block-heading\"><strong>Maksemeetodid<\/strong><\/h2>\n\n\n\n<p>Eesti pangalingid: Swedbank, SEB, Luminor, LHV, Coop Pank, Pocopay. <\/p>\n\n\n\n<p>Soome pangalingid: Aktia, A\u030alandsbanken, Danske, Handelsbanken, Nordea, Oma Sa\u0308a\u0308stopankki, Pohjola, POP Pankki, S-Pankki, Sa\u0308a\u0308stopankki.<\/p>\n\n\n\n<p> La\u0308ti pangalingid: Swedbank, SEB, Citadele ja Luminor.<\/p>\n\n\n\n<p>Leedu pangalingid: Swedbank, SEB, Citadele, Luminor ja Siauliu bankas<\/p>\n\n\n\n<p>Muud: Visa\/Mastercard<\/p>\n\n\n\n<p>NB! Pangalingiga tasumisel vajutada kindlasti panga lehel nupule \u201eTagasi kaupmehe juurde\u201c.<\/p>\n\n\n\n<p>Makseid vahendab Maksekeskus AS. Tasumine toimub va\u0308ljaspool Veebipoodi turvalises keskkonnas \u2013 pangalingiga tasumisel vastava panga turvalises keskkonnas ja krediitkaardiga tasumisel Maksekeskus AS turvalises keskkonnas. Mu\u0308u\u0308jal puudub ligipa\u0308a\u0308s kliendi panga ja krediitkaardi andmetele. Leping jo\u0303ustub alates tasumisele kuuluva summa laekumisest Veebipoe arvelduskontole. <\/p>\n\n\n\n<p>Veebipoe omanik on isikuandmete vastutav to\u0308o\u0308tleja ning edastab maksete teostamiseks vajalikud isikuandmed volitatud to\u0308o\u0308tleja Maksekeskus AS-le.<\/p>\n\n\n\n<p>Kui tellitud kaupa ei ole vo\u0303imalik tarnida seoses kauba lo\u0303ppemisega vo\u0303i muul po\u0303hjusel, teavitatakse sellest ostjat esimesel vo\u0303imalusel ning tagastatakse tasutud raha (sh kauba ka\u0308ttetoimetamise kulud) viivitamata, kuid mitte hiljem kui 14 pa\u0308eva jooksul teate saatmisest. <\/p>\n\n\n\n<h2 class=\"wp-block-heading\"><strong>Kohaletoimetamine<\/strong><\/h2>\n\n\n\n<p>Kaupu saadetakse j\u00e4rgmistesse riikidesse:<\/p>\n\n\n\n<p>EL: Eesti, L\u00e4ti, Leedu, Soome, Austria, Belgia, Bulgaaria, T\u0161ehhi, K\u00fcpros, Saksamaa, Taani, Hispaania, Prantsusmaa, Greeka, Horvaatia, Ungari, Iirimaa, Itaalia, Luksemburg, Malta, Holland, Poola, Portugaal, Rumeenia, Rootsi, Slovakia, Sloveenia.<\/p>\n\n\n\n<p>V\u00e4ljaspool Euroopa liitu: Austraalia, Valgevene, Brasiilia, Kanada, Sveits, Hiina, Suurbritannia, Hong-Kong, Island, India, Iisrael, Jaapan, L\u00f5una-Korea, Mehhiko, Malaisia, Norra, Uus-Meremaa, Venemaa, Serbia, L\u00f5una-Aafrika Vabariik, Tai, T\u00fcrgi, Taiwan, Ukraina, USA. <\/p>\n\n\n\n<p>Kauba saatmiskulud kannab ostja ning vastav hinnainfo on kuvatud saatmisviisi juures.<\/p>\n\n\n\n<p>Eestisisesed saadetised j\u00f5uavad \u00fcldjuhul ostja m\u00e4\u00e4ratud sihtpunkti 1-3 t\u00f6\u00f6p\u00e4eva jooksul alates m\u00fc\u00fcgilepingu j\u00f5ustumist. <\/p>\n\n\n\n<p>Euroopa liidu sisesed saadetised j\u00f5uavad \u00fcldjuhul ostja m\u00e4\u00e4ratud sihtpunkti 3-8 t\u00f6\u00f6p\u00e4eva jooksul alates m\u00fc\u00fcgilepingu j\u00f5ustumist.<\/p>\n\n\n\n<p>V\u00e4ljaspool Euroopa liitu j\u00f5uavad saadetised \u00fcldjuhul ostja m\u00e4\u00e4ratud sihtpunkti 30 p\u00e4eva jooksul.<\/p>\n\n\n\n<p>Erandlikel juhtumitel on \u00f5igus kaup kohale toimetada kuni 45 kalendrip\u00e4eva jooksul.<\/p>\n\n\n\n<p>Eesti, Soome, L\u00e4ti ja Leedu tarnemeetoditeks on Smartposti ja Omniva pakiautomaadid.<\/p>\n\n\n\n<p>K\u00f5ikide teiste riikide tarned edastatakse Parcel fellows poolt.<\/p>\n\n\n\n<h2 class=\"wp-block-heading\"><strong>Taganemis\u00f5igus<\/strong><\/h2>\n\n\n\n<p>P\u00e4rast tellimuse k\u00e4ttesaamist on ostjal \u00f5igus e-poes s\u00f5lmitud lepingust taganeda 14 p\u00e4eva jooksul [olenevalt toodetest ei pruugi ostjal taganemise \u00f5igust olla, vastavad tooted ja teenused tuleb sellisel juhul loetleda ning need peavad vastama v\u00f5la\u00f5igusseaduse \u00a7 53 lg-s 4 loetletud tingimustele]. <em><u><a href=\"https:\/\/www.riigiteataja.ee\/akt\/961235?leiaKehtiv\" target=\"_blank\" rel=\"noopener\">V\u00f5la\u00f5igusseadus<\/a><\/u><\/em>)<\/p>\n\n\n\n<p>Taganemis\u00f5igus ei kohaldu, kui ostjaks on juriidiline isik.<\/p>\n\n\n\n<p>14-p\u00e4evase tagastamis\u00f5iguse kasutamiseks ei tohi tellitud kaupa kasutada muul viisil kui on vajalik kauba olemuses, omadustes ja toimimises veendumiseks viisil nagu see on lubatud kauba testimiseks f\u00fc\u00fcsilises poes.<\/p>\n\n\n\n<p>Kui kaupa on kasutatud muuks otstarbeks kui on vajalik kauba olemuses, omadustes ja toimimises veendumiseks v\u00f5i sellel on kasutamise v\u00f5i kulumise m\u00e4rke, on Veebipoel \u00f5igus alandada tagastatavat tasu vastavalt kauba v\u00e4\u00e4rtuse v\u00e4henemisele.<\/p>\n\n\n\n<p>Kauba tagastamiseks tuleb t\u00e4ita taganemisevorm veebilehel( vormi leiate siit: <em><u><a href=\"https:\/\/nordicgoods.eu\/return-form\/\" data-type=\"URL\" data-id=\"https:\/\/nordicgoods.eu\/return-form\/\" target=\"_blank\" rel=\"noopener\">Taganemisvorm<\/a><\/u><\/em>) v\u00f5i kirjalik taganemisavaldus ning saata see e-posti aadressile returns@nordicgoods.eu hiljemalt 14 p\u00e4eva jooksul kauba k\u00e4ttesaamisest.<\/p>\n\n\n\n<p>Kauba tagastamise kulud kannab ostja, v\u00e4lja arvatud juhul, kui tagastamise p\u00f5hjus seisneb asjaolus, et tagastamisele kuuluv asi ei vasta tellitule (nt vale v\u00f5i defektiga asi).<\/p>\n\n\n\n<p>Ostja peab kauba tagastama avalduse esitamisele j\u00e4rgneva 14 p\u00e4eva jooksul v\u00f5i esitama t\u00f5endi, et ta on eelnimetatud perioodi jooksul kauba \u00fcle andnud kauba vedajale.<\/p>\n\n\n\n<p>Veebipood tagastab tagastatava kauba k\u00e4ttesaamisel ostjale viivitamata, kuid mitte hiljem kui 14 p\u00e4eva m\u00f6\u00f6dumisel arvates taganemisavalduse saamisest, k\u00f5ik ostjalt lepingu alusel saadud tasud.<\/p>\n\n\n\n<p>Veebipood v\u00f5ib keelduda tagasimaksete tegemisest seni, kuni on lepingu esemeks oleva asja tagasi saanud v\u00f5i kuni ostja on esitanud t\u00f5endid, et on asja tagasi saatnud, s\u00f5ltuvalt sellest, kumb toimub varem.<\/p>\n\n\n\n<p>Kui ostja on s\u00f5naselgelt valinud Veebipoe pakutud k\u00f5ige odavamast tavap\u00e4rasest asja k\u00e4ttetoimetamise viisist erineva k\u00e4ttetoimetamise viisi, ei pea Veebipood tarbijale tagastama kulu, mis \u00fcletab tavap\u00e4rase k\u00e4ttetoimetamise viisiga seotud kulu.<\/p>\n\n\n\n<p>Veebipoel on \u00f5igus taganeda m\u00fc\u00fcgitehingust ning n\u00f5uda ostjalt tagasi kaup, kui kauba hind veebipoes on eksituse t\u00f5ttu m\u00e4rgitud oluliselt alla kauba turuhinna.<\/p>\n\n\n\n<h2 class=\"wp-block-heading\"><strong>Defektne kaup<\/strong><\/h2>\n\n\n\n<p>Veebipood vastutab ostjale m\u00fc\u00fcdud kauba lepingutingimustele mittevastavuse v\u00f5i puuduste eest, mis olid juba tarnimise ajal olemas ja mis ilmnevad kahe aasta jooksul p\u00e4rast kauba ostjale \u00fcleandmist. Esimese kuue tarnekuu jooksul eeldatakse, et defekt oli \u00fcleandmise hetkel olemas. Veebipoe kohustus on vastupidist t\u00f5estada.<\/p>\n\n\n\n<p>Ostjal on \u00f5igus puuduse ilmnemisest kahe kuu jooksul p\u00f6\u00f6rduda e-poe poole e-posti aadressil: <a href=\"mailto:sales@nordicgoods.eu\">sales@nordicgoods.eu<\/a> v\u00f5i telefonil +372 528 9181 .<\/p>\n\n\n\n<p>Veebipood ei vastuta puuduste eest, mis tekivad p\u00e4rast kauba \u00fcleandmist ostjale.<\/p>\n\n\n\n<p>Kui veebipoest ostetud kaupadel on puudusi, mille eest veebipood vastutab, parandab v\u00f5i asendab veebipood puudusega kauba. Kui kaupa ei ole v\u00f5imalik parandada v\u00f5i asendada, tagastab veebipood ostjale k\u00f5ik m\u00fc\u00fcgilepinguga kaasnenud maksed.<\/p>\n\n\n\n<p>Veebipood vastab tarbija kaebusele kirjalikult v\u00f5i kirjalikku taasesitamist v\u00f5imaldavas vormis 15 p\u00e4eva jooksul.<\/p>\n\n\n\n<h2 class=\"wp-block-heading\"><strong>Vaidluste lahendamine<\/strong><\/h2>\n\n\n\n<p class=\" translation-block\">Kui ostjal on Veebipoe osas pretensioone, tuleb need saata e-kirja aadressile  &lt;a href=&quot;mailto:sales@nordicgoods.eu<\/a> v\u00f5i helistada telefonil: +372 528 9181.<\/p>\n\n\n\n<p>Kui ostja ja Veebipood ei suuda lahenda vaidlust kokkuleppe teel, siis on ostjal v\u00f5imalik p\u00f6\u00f6rduda Tarbijavaidluste komisjoni poole. Menetlustingimustega saab tutvuda ning avaldust esitada siin. Tarbijavaidluste komisjoni p\u00e4devuses on lahendada ostja ja Veebipoe vahel s\u00f5lmitud lepingust tulenevaid vaidlusi. Ostja kaebuse l\u00e4bivaatamine komisjonis on tasuta.<\/p>\n\n\n\n<p class=\" translation-block\">Ostja v\u00f5ib p\u00f6\u00f6rduda Euroopa Liidu tarbijavaidlusi lahendava <a href=\"http:\/\/ec.europa.eu\/consumers\/odr\/\" target=\"_self\" rel=\"noopener\">platvormi<\/a> poole.<\/p>","protected":false},"excerpt":{"rendered":"<p>The owner of the online store NORDICGOODS.EU (hereinafter referred to as the online store) is O\u00dc NORDIC GOODS (registry code 14703159 ), located at Saare maakond, Muhu vald, Liiva k\u00fcla, T\u00f5nise, 94701. Validity of contract of sale, product and price information The conditions of sale apply to purchases of goods from the online store. The [&hellip;]<\/p>\n","protected":false},"author":1,"featured_media":0,"parent":0,"menu_order":0,"comment_status":"closed","ping_status":"closed","template":"","meta":{"_acf_changed":false,"site-sidebar-layout":"default","site-content-layout":"default","ast-site-content-layout":"default","site-content-style":"default","site-sidebar-style":"default","ast-global-header-display":"","ast-banner-title-visibility":"","ast-main-header-display":"","ast-hfb-above-header-display":"","ast-hfb-below-header-display":"","ast-hfb-mobile-header-display":"","site-post-title":"","ast-breadcrumbs-content":"","ast-featured-img":"","footer-sml-layout":"","ast-disable-related-posts":"","theme-transparent-header-meta":"default","adv-header-id-meta":"","stick-header-meta":"","header-above-stick-meta":"","header-main-stick-meta":"","header-below-stick-meta":"","astra-migrate-meta-layouts":"default","ast-page-background-enabled":"default","ast-page-background-meta":{"desktop":{"background-color":"","background-image":"","background-repeat":"repeat","background-position":"center center","background-size":"auto","background-attachment":"scroll","background-type":"","background-media":"","overlay-type":"","overlay-color":"","overlay-opacity":"","overlay-gradient":""},"tablet":{"background-color":"","background-image":"","background-repeat":"repeat","background-position":"center center","background-size":"auto","background-attachment":"scroll","background-type":"","background-media":"","overlay-type":"","overlay-color":"","overlay-opacity":"","overlay-gradient":""},"mobile":{"background-color":"","background-image":"","background-repeat":"repeat","background-position":"center center","background-size":"auto","background-attachment":"scroll","background-type":"","background-media":"","overlay-type":"","overlay-color":"","overlay-opacity":"","overlay-gradient":""}},"ast-content-background-meta":{"desktop":{"background-color":"var(--ast-global-color-5)","background-image":"","background-repeat":"repeat","background-position":"center center","background-size":"auto","background-attachment":"scroll","background-type":"","background-media":"","overlay-type":"","overlay-color":"","overlay-opacity":"","overlay-gradient":""},"tablet":{"background-color":"var(--ast-global-color-5)","background-image":"","background-repeat":"repeat","background-position":"center center","background-size":"auto","background-attachment":"scroll","background-type":"","background-media":"","overlay-type":"","overlay-color":"","overlay-opacity":"","overlay-gradient":""},"mobile":{"background-color":"var(--ast-global-color-5)","background-image":"","background-repeat":"repeat","background-position":"center center","background-size":"auto","background-attachment":"scroll","background-type":"","background-media":"","overlay-type":"","overlay-color":"","overlay-opacity":"","overlay-gradient":""}},"footnotes":""},"class_list":["post-302","page","type-page","status-publish","hentry"],"acf":[],"_links":{"self":[{"href":"https:\/\/www.nordicgoods.eu\/et\/wp-json\/wp\/v2\/pages\/302","targetHints":{"allow":["GET"]}}],"collection":[{"href":"https:\/\/www.nordicgoods.eu\/et\/wp-json\/wp\/v2\/pages"}],"about":[{"href":"https:\/\/www.nordicgoods.eu\/et\/wp-json\/wp\/v2\/types\/page"}],"author":[{"embeddable":true,"href":"https:\/\/www.nordicgoods.eu\/et\/wp-json\/wp\/v2\/users\/1"}],"replies":[{"embeddable":true,"href":"https:\/\/www.nordicgoods.eu\/et\/wp-json\/wp\/v2\/comments?post=302"}],"version-history":[{"count":5,"href":"https:\/\/www.nordicgoods.eu\/et\/wp-json\/wp\/v2\/pages\/302\/revisions"}],"predecessor-version":[{"id":728,"href":"https:\/\/www.nordicgoods.eu\/et\/wp-json\/wp\/v2\/pages\/302\/revisions\/728"}],"wp:attachment":[{"href":"https:\/\/www.nordicgoods.eu\/et\/wp-json\/wp\/v2\/media?parent=302"}],"curies":[{"name":"wp","href":"https:\/\/api.w.org\/{rel}","templated":true}]}}