{"id":3,"date":"2021-06-26T01:42:30","date_gmt":"2021-06-26T01:42:30","guid":{"rendered":"https:\/\/nordicgoods.eu\/?page_id=3"},"modified":"2021-07-23T11:54:22","modified_gmt":"2021-07-23T11:54:22","slug":"privacy-policy","status":"publish","type":"page","link":"https:\/\/www.nordicgoods.eu\/et\/privacy-policy\/","title":{"rendered":"Privaatsuspoliitika"},"content":{"rendered":"<p>K\u00e4esoleva privaatsuspoliitika tingimused kehtivad Nordic Goods O\u00dc (edaspidi Nordic Goods) kodulehel\/e-poes (www.nordicgoods.eu). Privaatsuspoliitika p\u00f5him\u00f5tted k\u00e4sitlevad klientide isikuandmete kogumist, kasutamist, avaldamist, edastamist ja talletamist (edaspidi koos nimetatud \u201et\u00f6\u00f6tlemine\u201c). Isikuandmeid t\u00f6\u00f6deldakse vaid koosk\u00f5las \u00f5igusaktides kehtestatud n\u00f5uetega ning rakendades k\u00f5iki ettevaatusabin\u00f5usid isikuandmete kaitsmiseks. Veebilehe kasutamisega kinnitab klient oma n\u00f5ustumist k\u00e4esoleva privaatsuspoliitikaga.<\/p>\n\n\n\n<h2 class=\"wp-block-heading\"><strong>Milliseid isikuandmeid t\u00f6\u00f6deldakse?<\/strong><\/h2>\n\n\n\n<ul class=\"wp-block-list\"><li>Ees- ja perekonnanimi<\/li><li>Telefoninumber<\/li><li>E-posti aadress<\/li><li>Pangakonto number<\/li><li>Elukoha- ja\/v\u00f5i kauba kohale toimetamise aadress<\/li><li>Kaupade ja teenuste maksumus ja maksetega seotud andmed (ostuajalugu)<\/li><li>Klienditoe andmed<\/li><\/ul>\n\n\n\n<h2 class=\"wp-block-heading\"><strong>Mis eesm\u00e4rgil isikuandmeid t\u00f6\u00f6deldakse?<\/strong><\/h2>\n\n\n\n<p>Isikuandmeid kasutatakse kliendi tellimuste haldamiseks ja kauba kohale toimetamiseks.<\/p>\n\n\n\n<p>Ostuajaloo andmeid (ostu kuup\u00e4ev, kaup, kogus, kliendi andmed) kasutatakse ostetud kaupade ja teenuste \u00fclevaate koostamiseks ning kliendieelistuste anal\u00fc\u00fcsimiseks.<\/p>\n\n\n\n<p>Pangakonto numbrit kasutatakse kliendile maksete tagastamiseks.<\/p>\n\n\n\n<p>Isikuandmeid nagu e-post, telefoni nr, kliendi nimi, t\u00f6\u00f6deldakse selleks, et lahendada kaupade ja teenuste osutamise seonduvaid k\u00fcsimusi (klienditugi).<\/p>\n\n\n\n<h2 class=\"wp-block-heading\"><strong>\u00d5iguslik alus<\/strong><\/h2>\n\n\n\n<p>Isikuandmete t\u00f6\u00f6tlemine toimub kliendiga s\u00f5lmitud lepingu t\u00e4itmise eesm\u00e4rgil.<\/p>\n\n\n\n<p>Isikuandmete t\u00f6\u00f6tlemine toimub juriidilise kohustuse t\u00e4itmiseks (nt raamatupidamine ja tarbijavaidluste lahendamine).<\/p>\n\n\n\n<p>Andmet\u00f6\u00f6tlus toimub kliendi n\u00f5usolekul j\u00e4rgmiste tegevuste t\u00e4itmiseks: turunduss\u00f5numite edastamiseks.<\/p>\n\n\n\n<h2 class=\"wp-block-heading\"><strong>Kellele isikuandmed edastatakse<\/strong><\/h2>\n\n\n\n<p>Isikuandmed edastatakse veebipoe klienditoele ostude ja ostuajaloo haldamiseks ja kliendiprobleemide lahendamiseks.<\/p>\n\n\n\n<p>Nimi, telefoninumber ja e-posti aadress edastatakse kliendi poolt valitud transporditeenuse pakkujale. Kui tegemist on kulleriga kohale toimetatava kaubaga, siis edastatakse lisaks kontaktandmetele ka kliendi aadress.<\/p>\n\n\n\n<p>Isikuandmeid v\u00f5idakse edastada infotehnoloogia teenuste pakkujatele, kui see on vajalik veebipoe funktsionaalsuse v\u00f5i andmemajutuse tagamiseks. Andmet\u00f6\u00f6tleja edastab maksete tegemiseks vajalikud isikuandmed volitatud t\u00f6\u00f6tlejale Maksekeskus AS -le.<\/p>\n\n\n\n<h2 class=\"wp-block-heading\"><strong>S\u00e4ilitamine<\/strong><\/h2>\n\n\n\n<p>Kui veebipoes on ost sooritatud, siis s\u00e4ilitatakse ostuajalugu kolm aastat.<\/p>\n\n\n\n<p>Raamatupidamise jaoks vajalikud isikuandmed s\u00e4ilitatakse seitse aastat.<\/p>\n\n\n\n<h2 class=\"wp-block-heading\"><strong>Otseturustusteated<\/strong><\/h2>\n\n\n\n<p>Veebipood saadab uudiskirju ja pakkumisi ostja e-posti aadressile ainult siis, kui ostja on avaldanud soovi neid saada, sisestades veebisaidile oma e-posti aadressi ja n\u00e4idates \u00fcles soovi saada otsepostitust.<\/p>\n\n\n\n<p>Kui klient ei soovi saada otseturustusteateid, siis tuleb valida e-kirja jaluses vastav viide v\u00f5i v\u00f5tta \u00fchendust klienditoega.<\/p>\n\n\n\n<h2 class=\"wp-block-heading\"><strong>K\u00fcpsiste kasutamine<\/strong><\/h2>\n\n\n\n<p>Veebileht kasutab k\u00fcpsiste tehnoloogiat, et koguda teavet veebisaidi kasutamise kohta ja eristada kasutajaid, et tagada veebisaidi mugavam kasutamine. Seda veebilehte kasutades n\u00f5ustute k\u00fcpsiste kasutamisega.<\/p>\n\n\n\n<p>K\u00fcpsis on v\u00e4ike tekstifail, mille saadab teie brauser ja mille veebiserver salvestab teie seadme k\u00f5vakettale.<\/p>\n\n\n\n<p>K\u00fcpsiseid kasutatakse selleks, et pakkuda teile isikup\u00e4rasemat kasutuskogemust ja mugavamat veebilehe sirvimist. K\u00fcpsised v\u00f5imaldavad meil koguda andmeid ja statistikat, et pakkuda teile asjakohast sisu ja salvestada teie k\u00fclastuste ajalugu.<\/p>\n\n\n\n<p>Kasutame j\u00e4rgmisi k\u00fcpsiseid:<\/p>\n\n\n\n<p>- seansik\u00fcpsised, mis kustutatakse automaatselt p\u00e4rast iga k\u00fclastust<\/p>\n\n\n\n<p>- P\u00fcsik\u00fcpsised, mis j\u00e4\u00e4vad alles p\u00e4rast korduvat k\u00fclastust<\/p>\n\n\n\n<p>- Kasutajate statistika ja anal\u00fc\u00fcs<\/p>\n\n\n\n<p>- Kolmandate osapoolte k\u00fcpsised, mida kasutavad meie veebisaidiga lingitud veebilehed (nt Google Analytics, Facebook, pangad). Me ei kontrolli neid k\u00fcpsiseid, nii et palun lugege nende k\u00fcpsisepoliitika kohta nende veebilehtedelt.<\/p>","protected":false},"excerpt":{"rendered":"<p>This Privacy Policy applies to the website \/ online shop of Nordic Goods O\u00dc (hereinafter Nordic Goods(www.nordicgoods.eu). This Privacy Policy covers the collection, use, disclosure, transfer and storage (hereinafter collectively referred to as processing) of the personal data of customers. Personal data are only processed in accordance with the requirements of legislation and subject to [&hellip;]<\/p>","protected":false},"author":1,"featured_media":0,"parent":0,"menu_order":0,"comment_status":"closed","ping_status":"open","template":"","meta":{"_acf_changed":false,"site-sidebar-layout":"default","site-content-layout":"default","ast-site-content-layout":"default","site-content-style":"default","site-sidebar-style":"default","ast-global-header-display":"","ast-banner-title-visibility":"","ast-main-header-display":"","ast-hfb-above-header-display":"","ast-hfb-below-header-display":"","ast-hfb-mobile-header-display":"","site-post-title":"","ast-breadcrumbs-content":"","ast-featured-img":"","footer-sml-layout":"","ast-disable-related-posts":"","theme-transparent-header-meta":"default","adv-header-id-meta":"","stick-header-meta":"","header-above-stick-meta":"","header-main-stick-meta":"","header-below-stick-meta":"","astra-migrate-meta-layouts":"default","ast-page-background-enabled":"default","ast-page-background-meta":{"desktop":{"background-color":"","background-image":"","background-repeat":"repeat","background-position":"center center","background-size":"auto","background-attachment":"scroll","background-type":"","background-media":"","overlay-type":"","overlay-color":"","overlay-opacity":"","overlay-gradient":""},"tablet":{"background-color":"","background-image":"","background-repeat":"repeat","background-position":"center center","background-size":"auto","background-attachment":"scroll","background-type":"","background-media":"","overlay-type":"","overlay-color":"","overlay-opacity":"","overlay-gradient":""},"mobile":{"background-color":"","background-image":"","background-repeat":"repeat","background-position":"center center","background-size":"auto","background-attachment":"scroll","background-type":"","background-media":"","overlay-type":"","overlay-color":"","overlay-opacity":"","overlay-gradient":""}},"ast-content-background-meta":{"desktop":{"background-color":"var(--ast-global-color-5)","background-image":"","background-repeat":"repeat","background-position":"center center","background-size":"auto","background-attachment":"scroll","background-type":"","background-media":"","overlay-type":"","overlay-color":"","overlay-opacity":"","overlay-gradient":""},"tablet":{"background-color":"var(--ast-global-color-5)","background-image":"","background-repeat":"repeat","background-position":"center center","background-size":"auto","background-attachment":"scroll","background-type":"","background-media":"","overlay-type":"","overlay-color":"","overlay-opacity":"","overlay-gradient":""},"mobile":{"background-color":"var(--ast-global-color-5)","background-image":"","background-repeat":"repeat","background-position":"center center","background-size":"auto","background-attachment":"scroll","background-type":"","background-media":"","overlay-type":"","overlay-color":"","overlay-opacity":"","overlay-gradient":""}},"footnotes":""},"class_list":["post-3","page","type-page","status-publish","hentry"],"acf":[],"_links":{"self":[{"href":"https:\/\/www.nordicgoods.eu\/et\/wp-json\/wp\/v2\/pages\/3","targetHints":{"allow":["GET"]}}],"collection":[{"href":"https:\/\/www.nordicgoods.eu\/et\/wp-json\/wp\/v2\/pages"}],"about":[{"href":"https:\/\/www.nordicgoods.eu\/et\/wp-json\/wp\/v2\/types\/page"}],"author":[{"embeddable":true,"href":"https:\/\/www.nordicgoods.eu\/et\/wp-json\/wp\/v2\/users\/1"}],"replies":[{"embeddable":true,"href":"https:\/\/www.nordicgoods.eu\/et\/wp-json\/wp\/v2\/comments?post=3"}],"version-history":[{"count":4,"href":"https:\/\/www.nordicgoods.eu\/et\/wp-json\/wp\/v2\/pages\/3\/revisions"}],"predecessor-version":[{"id":508,"href":"https:\/\/www.nordicgoods.eu\/et\/wp-json\/wp\/v2\/pages\/3\/revisions\/508"}],"wp:attachment":[{"href":"https:\/\/www.nordicgoods.eu\/et\/wp-json\/wp\/v2\/media?parent=3"}],"curies":[{"name":"wp","href":"https:\/\/api.w.org\/{rel}","templated":true}]}}